{"id":1706,"date":"2025-06-24T13:50:20","date_gmt":"2025-06-24T13:50:20","guid":{"rendered":"https:\/\/kloostertrots.be\/product\/cleanoline\/"},"modified":"2026-01-29T06:40:14","modified_gmt":"2026-01-29T06:40:14","slug":"cleanoline","status":"publish","type":"product","link":"https:\/\/kloostertrots.be\/fr\/produit\/cleanoline\/","title":{"rendered":"Cleanoline"},"content":{"rendered":"<p><strong>Le seul et unique Cleanoline, un d\u00e9graissant convivial et \u00e9cologique. Le cheval de bataille de Kloostertrots qui convient \u00e0 presque tous les usages. Aucune pollution n&rsquo;\u00e9chappe \u00e0 ce produit. Il \u00e9limine sans effort la graisse, la suie et l&rsquo;huile de toutes les surfaces. Et surtout sans substances nocives ! Cleanoline ne contient pas d&rsquo;ammoniaque et n&rsquo;est donc pas nocif pour les voies respiratoires. Il est fabriqu\u00e9 conform\u00e9ment \u00e0 la l\u00e9gislation europ\u00e9enne la plus r\u00e9cente de l&rsquo;OCDE et est biod\u00e9gradable \u00e0 98 %.       <\/strong><\/p>\n<p><strong>En tant que nettoyant universel, Cleanoline peut \u00eatre utilis\u00e9 par le professionnel ou le bricoleur dans presque toutes les circonstances. Comme nettoyant avant de commencer vos travaux de peinture, le nettoyage de printemps ou les travaux difficiles dans le garage ou l&rsquo;atelier. R\u00e9sultat propre garanti !  <\/strong><\/p>\n<p><strong>Certifi\u00e9 par le label NSF internationalement reconnu, Cleanoline convient donc \u00e0 l&rsquo;utilisation dans la restauration, les cuisines commerciales et l&rsquo;industrie alimentaire. Rincez toujours \u00e0 l&rsquo;eau claire ! <\/strong><\/p>\n<p><strong>La concentration optimale est de 1 \u00e0 5 % en fonction de la contamination. Moussage court. <\/strong><\/p>\n<p>&nbsp;<\/p>\n","protected":false},"excerpt":{"rendered":"<p>Le nettoyant universel le plus puissant du march\u00e9 !<\/p>\n","protected":false},"featured_media":1494,"comment_status":"open","ping_status":"closed","template":"","meta":{"_acf_changed":false,"_eb_attr":""},"product_brand":[],"product_cat":[44],"product_tag":[],"class_list":{"0":"post-1706","1":"product","2":"type-product","3":"status-publish","4":"has-post-thumbnail","6":"product_cat-degraissants","8":"first","9":"instock","10":"shipping-taxable","11":"product-type-simple"},"acf":[],"yoast_head":"<!-- This site is optimized with the Yoast SEO plugin v27.5 - https:\/\/yoast.com\/product\/yoast-seo-wordpress\/ -->\n<title>Cleanoline - Kloostertrots<\/title>\n<meta name=\"description\" content=\"D\u00e9graissant \u00e9cologique et biod\u00e9gradable facile \u00e0 utiliser. Totalement exempt de solvants et d&#039;ammoniaque. Pour tous types de salissures.\" \/>\n<meta name=\"robots\" content=\"index, follow, max-snippet:-1, max-image-preview:large, max-video-preview:-1\" \/>\n<link rel=\"canonical\" href=\"https:\/\/kloostertrots.be\/fr\/produit\/cleanoline\/\" \/>\n<meta property=\"og:locale\" content=\"fr_FR\" \/>\n<meta property=\"og:type\" content=\"article\" \/>\n<meta property=\"og:title\" content=\"Cleanoline - Kloostertrots\" \/>\n<meta property=\"og:description\" content=\"D\u00e9graissant \u00e9cologique et biod\u00e9gradable facile \u00e0 utiliser. Totalement exempt de solvants et d&#039;ammoniaque. Pour tous types de salissures.\" \/>\n<meta property=\"og:url\" content=\"https:\/\/kloostertrots.be\/fr\/produit\/cleanoline\/\" \/>\n<meta property=\"og:site_name\" content=\"Kloostertrots\" \/>\n<meta property=\"article:modified_time\" content=\"2026-01-29T06:40:14+00:00\" \/>\n<meta property=\"og:image\" content=\"https:\/\/kloostertrots.be\/wp-content\/uploads\/2025\/06\/Cleanoline-1.png\" \/>\n\t<meta property=\"og:image:width\" content=\"883\" \/>\n\t<meta property=\"og:image:height\" content=\"1276\" \/>\n\t<meta property=\"og:image:type\" content=\"image\/png\" \/>\n<meta name=\"twitter:card\" content=\"summary_large_image\" \/>\n<meta name=\"twitter:label1\" content=\"Dur\u00e9e de lecture estim\u00e9e\" \/>\n\t<meta name=\"twitter:data1\" content=\"2 minutes\" \/>\n<script type=\"application\/ld+json\" class=\"yoast-schema-graph\">{\"@context\":\"https:\\\/\\\/schema.org\",\"@graph\":[{\"@type\":\"WebPage\",\"@id\":\"https:\\\/\\\/kloostertrots.be\\\/fr\\\/produit\\\/cleanoline\\\/\",\"url\":\"https:\\\/\\\/kloostertrots.be\\\/fr\\\/produit\\\/cleanoline\\\/\",\"name\":\"Cleanoline - Kloostertrots\",\"isPartOf\":{\"@id\":\"https:\\\/\\\/kloostertrots.be\\\/fr\\\/#website\"},\"primaryImageOfPage\":{\"@id\":\"https:\\\/\\\/kloostertrots.be\\\/fr\\\/produit\\\/cleanoline\\\/#primaryimage\"},\"image\":{\"@id\":\"https:\\\/\\\/kloostertrots.be\\\/fr\\\/produit\\\/cleanoline\\\/#primaryimage\"},\"thumbnailUrl\":\"https:\\\/\\\/kloostertrots.be\\\/wp-content\\\/uploads\\\/2025\\\/06\\\/Cleanoline-1.png\",\"datePublished\":\"2025-06-24T13:50:20+00:00\",\"dateModified\":\"2026-01-29T06:40:14+00:00\",\"description\":\"D\u00e9graissant \u00e9cologique et biod\u00e9gradable facile \u00e0 utiliser. Totalement exempt de solvants et d'ammoniaque. Pour tous types de salissures.\",\"breadcrumb\":{\"@id\":\"https:\\\/\\\/kloostertrots.be\\\/fr\\\/produit\\\/cleanoline\\\/#breadcrumb\"},\"inLanguage\":\"fr-FR\",\"potentialAction\":[{\"@type\":\"ReadAction\",\"target\":[\"https:\\\/\\\/kloostertrots.be\\\/fr\\\/produit\\\/cleanoline\\\/\"]}]},{\"@type\":\"ImageObject\",\"inLanguage\":\"fr-FR\",\"@id\":\"https:\\\/\\\/kloostertrots.be\\\/fr\\\/produit\\\/cleanoline\\\/#primaryimage\",\"url\":\"https:\\\/\\\/kloostertrots.be\\\/wp-content\\\/uploads\\\/2025\\\/06\\\/Cleanoline-1.png\",\"contentUrl\":\"https:\\\/\\\/kloostertrots.be\\\/wp-content\\\/uploads\\\/2025\\\/06\\\/Cleanoline-1.png\",\"width\":883,\"height\":1276},{\"@type\":\"BreadcrumbList\",\"@id\":\"https:\\\/\\\/kloostertrots.be\\\/fr\\\/produit\\\/cleanoline\\\/#breadcrumb\",\"itemListElement\":[{\"@type\":\"ListItem\",\"position\":1,\"name\":\"Accueil\",\"item\":\"https:\\\/\\\/kloostertrots.be\\\/fr\\\/accueil\\\/\"},{\"@type\":\"ListItem\",\"position\":2,\"name\":\"Boutique\",\"item\":\"https:\\\/\\\/kloostertrots.be\\\/fr\\\/boutique\\\/\"},{\"@type\":\"ListItem\",\"position\":3,\"name\":\"Cleanoline\"}]},{\"@type\":\"WebSite\",\"@id\":\"https:\\\/\\\/kloostertrots.be\\\/fr\\\/#website\",\"url\":\"https:\\\/\\\/kloostertrots.be\\\/fr\\\/\",\"name\":\"Kloostertrots\",\"description\":\"\",\"potentialAction\":[{\"@type\":\"SearchAction\",\"target\":{\"@type\":\"EntryPoint\",\"urlTemplate\":\"https:\\\/\\\/kloostertrots.be\\\/fr\\\/?s={search_term_string}\"},\"query-input\":{\"@type\":\"PropertyValueSpecification\",\"valueRequired\":true,\"valueName\":\"search_term_string\"}}],\"inLanguage\":\"fr-FR\"}]}<\/script>\n<!-- \/ Yoast SEO plugin. -->","yoast_head_json":{"title":"Cleanoline - Kloostertrots","description":"D\u00e9graissant \u00e9cologique et biod\u00e9gradable facile \u00e0 utiliser. Totalement exempt de solvants et d'ammoniaque. Pour tous types de salissures.","robots":{"index":"index","follow":"follow","max-snippet":"max-snippet:-1","max-image-preview":"max-image-preview:large","max-video-preview":"max-video-preview:-1"},"canonical":"https:\/\/kloostertrots.be\/fr\/produit\/cleanoline\/","og_locale":"fr_FR","og_type":"article","og_title":"Cleanoline - Kloostertrots","og_description":"D\u00e9graissant \u00e9cologique et biod\u00e9gradable facile \u00e0 utiliser. Totalement exempt de solvants et d'ammoniaque. Pour tous types de salissures.","og_url":"https:\/\/kloostertrots.be\/fr\/produit\/cleanoline\/","og_site_name":"Kloostertrots","article_modified_time":"2026-01-29T06:40:14+00:00","og_image":[{"width":883,"height":1276,"url":"https:\/\/kloostertrots.be\/wp-content\/uploads\/2025\/06\/Cleanoline-1.png","type":"image\/png"}],"twitter_card":"summary_large_image","twitter_misc":{"Dur\u00e9e de lecture estim\u00e9e":"2 minutes"},"schema":{"@context":"https:\/\/schema.org","@graph":[{"@type":"WebPage","@id":"https:\/\/kloostertrots.be\/fr\/produit\/cleanoline\/","url":"https:\/\/kloostertrots.be\/fr\/produit\/cleanoline\/","name":"Cleanoline - Kloostertrots","isPartOf":{"@id":"https:\/\/kloostertrots.be\/fr\/#website"},"primaryImageOfPage":{"@id":"https:\/\/kloostertrots.be\/fr\/produit\/cleanoline\/#primaryimage"},"image":{"@id":"https:\/\/kloostertrots.be\/fr\/produit\/cleanoline\/#primaryimage"},"thumbnailUrl":"https:\/\/kloostertrots.be\/wp-content\/uploads\/2025\/06\/Cleanoline-1.png","datePublished":"2025-06-24T13:50:20+00:00","dateModified":"2026-01-29T06:40:14+00:00","description":"D\u00e9graissant \u00e9cologique et biod\u00e9gradable facile \u00e0 utiliser. Totalement exempt de solvants et d'ammoniaque. Pour tous types de salissures.","breadcrumb":{"@id":"https:\/\/kloostertrots.be\/fr\/produit\/cleanoline\/#breadcrumb"},"inLanguage":"fr-FR","potentialAction":[{"@type":"ReadAction","target":["https:\/\/kloostertrots.be\/fr\/produit\/cleanoline\/"]}]},{"@type":"ImageObject","inLanguage":"fr-FR","@id":"https:\/\/kloostertrots.be\/fr\/produit\/cleanoline\/#primaryimage","url":"https:\/\/kloostertrots.be\/wp-content\/uploads\/2025\/06\/Cleanoline-1.png","contentUrl":"https:\/\/kloostertrots.be\/wp-content\/uploads\/2025\/06\/Cleanoline-1.png","width":883,"height":1276},{"@type":"BreadcrumbList","@id":"https:\/\/kloostertrots.be\/fr\/produit\/cleanoline\/#breadcrumb","itemListElement":[{"@type":"ListItem","position":1,"name":"Accueil","item":"https:\/\/kloostertrots.be\/fr\/accueil\/"},{"@type":"ListItem","position":2,"name":"Boutique","item":"https:\/\/kloostertrots.be\/fr\/boutique\/"},{"@type":"ListItem","position":3,"name":"Cleanoline"}]},{"@type":"WebSite","@id":"https:\/\/kloostertrots.be\/fr\/#website","url":"https:\/\/kloostertrots.be\/fr\/","name":"Kloostertrots","description":"","potentialAction":[{"@type":"SearchAction","target":{"@type":"EntryPoint","urlTemplate":"https:\/\/kloostertrots.be\/fr\/?s={search_term_string}"},"query-input":{"@type":"PropertyValueSpecification","valueRequired":true,"valueName":"search_term_string"}}],"inLanguage":"fr-FR"}]}},"_links":{"self":[{"href":"https:\/\/kloostertrots.be\/fr\/wp-json\/wp\/v2\/product\/1706","targetHints":{"allow":["GET"]}}],"collection":[{"href":"https:\/\/kloostertrots.be\/fr\/wp-json\/wp\/v2\/product"}],"about":[{"href":"https:\/\/kloostertrots.be\/fr\/wp-json\/wp\/v2\/types\/product"}],"replies":[{"embeddable":true,"href":"https:\/\/kloostertrots.be\/fr\/wp-json\/wp\/v2\/comments?post=1706"}],"version-history":[{"count":3,"href":"https:\/\/kloostertrots.be\/fr\/wp-json\/wp\/v2\/product\/1706\/revisions"}],"predecessor-version":[{"id":1880,"href":"https:\/\/kloostertrots.be\/fr\/wp-json\/wp\/v2\/product\/1706\/revisions\/1880"}],"wp:featuredmedia":[{"embeddable":true,"href":"https:\/\/kloostertrots.be\/fr\/wp-json\/wp\/v2\/media\/1494"}],"wp:attachment":[{"href":"https:\/\/kloostertrots.be\/fr\/wp-json\/wp\/v2\/media?parent=1706"}],"wp:term":[{"taxonomy":"product_brand","embeddable":true,"href":"https:\/\/kloostertrots.be\/fr\/wp-json\/wp\/v2\/product_brand?post=1706"},{"taxonomy":"product_cat","embeddable":true,"href":"https:\/\/kloostertrots.be\/fr\/wp-json\/wp\/v2\/product_cat?post=1706"},{"taxonomy":"product_tag","embeddable":true,"href":"https:\/\/kloostertrots.be\/fr\/wp-json\/wp\/v2\/product_tag?post=1706"}],"curies":[{"name":"wp","href":"https:\/\/api.w.org\/{rel}","templated":true}]}}